{"id":144,"date":"2023-03-09T14:25:14","date_gmt":"2023-03-09T13:25:14","guid":{"rendered":"https:\/\/dsidigit.fr\/?page_id=144"},"modified":"2023-03-14T18:55:53","modified_gmt":"2023-03-14T17:55:53","slug":"accueil","status":"publish","type":"page","link":"https:\/\/dsidigit.fr\/","title":{"rendered":"Accueil"},"content":{"rendered":"\t\t<div data-elementor-type=\"wp-page\" data-elementor-id=\"144\" class=\"elementor elementor-144\">\n\t\t\t\t\t\t<section class=\"elementor-section elementor-top-section elementor-element elementor-element-fac01b50 elementor-section-height-min-height elementor-section-content-middle elementor-section-full_width elementor-section-stretched animated-fast elementor-section-height-default elementor-section-items-middle wpr-particle-no wpr-sticky-section-no wpr-equal-height-no elementor-invisible\" data-id=\"fac01b50\" data-element_type=\"section\" data-e-type=\"section\" data-settings=\"{&quot;background_background&quot;:&quot;classic&quot;,&quot;stretch_section&quot;:&quot;section-stretched&quot;,&quot;animation&quot;:&quot;fadeIn&quot;}\">\n\t\t\t\t\t\t\t<div class=\"elementor-background-overlay\"><\/div>\n\t\t\t\t\t\t\t<div class=\"elementor-container elementor-column-gap-default\">\n\t\t\t\t\t<div class=\"elementor-column elementor-col-100 elementor-top-column elementor-element elementor-element-9b61c14\" data-id=\"9b61c14\" data-element_type=\"column\" data-e-type=\"column\">\n\t\t\t<div class=\"elementor-widget-wrap elementor-element-populated\">\n\t\t\t\t\t\t<div class=\"elementor-element elementor-element-2483f476 elementor-invisible elementor-widget elementor-widget-heading\" data-id=\"2483f476\" data-element_type=\"widget\" data-e-type=\"widget\" data-settings=\"{&quot;_animation&quot;:&quot;fadeInLeft&quot;}\" data-widget_type=\"heading.default\">\n\t\t\t\t<div class=\"elementor-widget-container\">\n\t\t\t\t\t<h2 class=\"elementor-heading-title elementor-size-default\">DSI<\/h2>\t\t\t\t<\/div>\n\t\t\t\t<\/div>\n\t\t\t\t<div class=\"elementor-element elementor-element-6646073 elementor-invisible elementor-widget elementor-widget-heading\" data-id=\"6646073\" data-element_type=\"widget\" data-e-type=\"widget\" data-settings=\"{&quot;_animation&quot;:&quot;bounceIn&quot;}\" data-widget_type=\"heading.default\">\n\t\t\t\t<div class=\"elementor-widget-container\">\n\t\t\t\t\t<h2 class=\"elementor-heading-title elementor-size-default\">&amp;<\/h2>\t\t\t\t<\/div>\n\t\t\t\t<\/div>\n\t\t\t\t<div class=\"elementor-element elementor-element-62a7de4 elementor-invisible elementor-widget elementor-widget-heading\" data-id=\"62a7de4\" data-element_type=\"widget\" data-e-type=\"widget\" data-settings=\"{&quot;_animation&quot;:&quot;fadeInRight&quot;}\" data-widget_type=\"heading.default\">\n\t\t\t\t<div class=\"elementor-widget-container\">\n\t\t\t\t\t<h2 class=\"elementor-heading-title elementor-size-default\">Digit<\/h2>\t\t\t\t<\/div>\n\t\t\t\t<\/div>\n\t\t\t\t<div class=\"elementor-element elementor-element-ab9fabf elementor-widget elementor-widget-text-editor\" data-id=\"ab9fabf\" data-element_type=\"widget\" data-e-type=\"widget\" data-widget_type=\"text-editor.default\">\n\t\t\t\t<div class=\"elementor-widget-container\">\n\t\t\t\t\t\t\t\t\t<p>Le Conseil en Informatique<\/p>\t\t\t\t\t\t\t\t<\/div>\n\t\t\t\t<\/div>\n\t\t\t\t\t<\/div>\n\t\t<\/div>\n\t\t\t\t\t<\/div>\n\t\t<\/section>\n\t\t\t\t<section class=\"elementor-section elementor-top-section elementor-element elementor-element-9be2f23 elementor-section-boxed elementor-section-height-default elementor-section-height-default wpr-particle-no wpr-jarallax-no wpr-parallax-no wpr-sticky-section-no wpr-equal-height-no\" data-id=\"9be2f23\" data-element_type=\"section\" data-e-type=\"section\">\n\t\t\t\t\t\t<div class=\"elementor-container elementor-column-gap-default\">\n\t\t\t\t\t<div class=\"elementor-column elementor-col-100 elementor-top-column elementor-element elementor-element-8f98fd4\" data-id=\"8f98fd4\" data-element_type=\"column\" data-e-type=\"column\">\n\t\t\t<div class=\"elementor-widget-wrap elementor-element-populated\">\n\t\t\t\t\t\t<div class=\"elementor-element elementor-element-b8a8709 elementor-widget elementor-widget-spacer\" data-id=\"b8a8709\" data-element_type=\"widget\" data-e-type=\"widget\" data-widget_type=\"spacer.default\">\n\t\t\t\t<div class=\"elementor-widget-container\">\n\t\t\t\t\t\t\t<div class=\"elementor-spacer\">\n\t\t\t<div class=\"elementor-spacer-inner\"><\/div>\n\t\t<\/div>\n\t\t\t\t\t\t<\/div>\n\t\t\t\t<\/div>\n\t\t\t\t\t<\/div>\n\t\t<\/div>\n\t\t\t\t\t<\/div>\n\t\t<\/section>\n\t\t\t\t<section class=\"elementor-section elementor-top-section elementor-element elementor-element-2678160 elementor-section-boxed elementor-section-height-default elementor-section-height-default wpr-particle-no wpr-jarallax-no wpr-parallax-no wpr-sticky-section-no wpr-equal-height-no\" data-id=\"2678160\" data-element_type=\"section\" data-e-type=\"section\">\n\t\t\t\t\t\t<div class=\"elementor-container elementor-column-gap-default\">\n\t\t\t\t\t<div class=\"elementor-column elementor-col-100 elementor-top-column elementor-element elementor-element-d00e6a7\" data-id=\"d00e6a7\" data-element_type=\"column\" data-e-type=\"column\">\n\t\t\t<div class=\"elementor-widget-wrap elementor-element-populated\">\n\t\t\t\t\t\t<div class=\"elementor-element elementor-element-d42ee2f elementor-widget elementor-widget-heading\" data-id=\"d42ee2f\" data-element_type=\"widget\" data-e-type=\"widget\" data-widget_type=\"heading.default\">\n\t\t\t\t<div class=\"elementor-widget-container\">\n\t\t\t\t\t<h2 class=\"elementor-heading-title elementor-size-default\">D\u00e9couvrez nos solutions<\/h2>\t\t\t\t<\/div>\n\t\t\t\t<\/div>\n\t\t\t\t\t<\/div>\n\t\t<\/div>\n\t\t\t\t\t<\/div>\n\t\t<\/section>\n\t\t\t\t<section class=\"elementor-section elementor-top-section elementor-element elementor-element-61a3b21 elementor-section-boxed elementor-section-height-default elementor-section-height-default wpr-particle-no wpr-jarallax-no wpr-parallax-no wpr-sticky-section-no wpr-equal-height-no\" data-id=\"61a3b21\" data-element_type=\"section\" data-e-type=\"section\">\n\t\t\t\t\t\t<div class=\"elementor-container elementor-column-gap-default\">\n\t\t\t\t\t<div class=\"elementor-column elementor-col-33 elementor-top-column elementor-element elementor-element-bc9c8b9\" data-id=\"bc9c8b9\" data-element_type=\"column\" data-e-type=\"column\">\n\t\t\t<div class=\"elementor-widget-wrap elementor-element-populated\">\n\t\t\t\t\t\t<div class=\"elementor-element elementor-element-d76c9e5 wpr-lottie-svg elementor-widget elementor-widget-wpr-lottie-animations\" data-id=\"d76c9e5\" data-element_type=\"widget\" data-e-type=\"widget\" data-settings=\"{&quot;json_file&quot;:{&quot;url&quot;:&quot;https:\\\/\\\/dsidigit.fr\\\/wp-content\\\/uploads\\\/2023\\\/03\\\/0EqsCeorLZ.json&quot;,&quot;id&quot;:246,&quot;size&quot;:&quot;&quot;,&quot;alt&quot;:&quot;&quot;,&quot;source&quot;:&quot;library&quot;},&quot;trigger&quot;:&quot;none&quot;}\" data-widget_type=\"wpr-lottie-animations.default\">\n\t\t\t\t<div class=\"elementor-widget-container\">\n\t\t\t\t\t<div class=\"wpr-lottie-animations-wrapper\"><div class=\"wpr-lottie-animations\" data-settings=\"{&quot;loop&quot;:&quot;yes&quot;,&quot;autoplay&quot;:&quot;yes&quot;,&quot;speed&quot;:1,&quot;trigger&quot;:&quot;none&quot;,&quot;reverse&quot;:&quot;&quot;,&quot;scroll_start&quot;:&quot;0&quot;,&quot;scroll_end&quot;:&quot;100&quot;,&quot;lottie_renderer&quot;:&quot;svg&quot;}\" data-json-url=\"https:\/\/dsidigit.fr\/wp-content\/uploads\/2023\/03\/0EqsCeorLZ.json\"><\/div><\/div>\t\t\t\t<\/div>\n\t\t\t\t<\/div>\n\t\t\t\t<div class=\"elementor-element elementor-element-0cea41f elementor-invisible elementor-widget elementor-widget-icon-box\" data-id=\"0cea41f\" data-element_type=\"widget\" data-e-type=\"widget\" data-settings=\"{&quot;_animation&quot;:&quot;fadeIn&quot;}\" data-widget_type=\"icon-box.default\">\n\t\t\t\t<div class=\"elementor-widget-container\">\n\t\t\t\t\t\t\t<div class=\"elementor-icon-box-wrapper\">\n\n\t\t\t\n\t\t\t\t\t\t<div class=\"elementor-icon-box-content\">\n\n\t\t\t\t\t\t\t\t\t<h3 class=\"elementor-icon-box-title\">\n\t\t\t\t\t\t<span  >\n\t\t\t\t\t\t\tDSI Temps Partag\u00e9<br>\n\t\t\t\t\t\t<\/span>\n\t\t\t\t\t<\/h3>\n\t\t\t\t\n\t\t\t\t\t\t\t\t\t<p class=\"elementor-icon-box-description\">\n\t\t\t\t\t\tUn DSI de proximit\u00e9, une aide primordiale\n pour les PME qui souhaitent un SI performant \net une supervision de ses partenaires technologiques.\n\t\t\t\t\t<\/p>\n\t\t\t\t\n\t\t\t<\/div>\n\t\t\t\n\t\t<\/div>\n\t\t\t\t\t\t<\/div>\n\t\t\t\t<\/div>\n\t\t\t\t\t<\/div>\n\t\t<\/div>\n\t\t\t\t<div class=\"elementor-column elementor-col-33 elementor-top-column elementor-element elementor-element-05901ce\" data-id=\"05901ce\" data-element_type=\"column\" data-e-type=\"column\">\n\t\t\t<div class=\"elementor-widget-wrap elementor-element-populated\">\n\t\t\t\t\t\t<div class=\"elementor-element elementor-element-f75dbea wpr-lottie-svg elementor-widget elementor-widget-wpr-lottie-animations\" data-id=\"f75dbea\" data-element_type=\"widget\" data-e-type=\"widget\" data-settings=\"{&quot;json_file&quot;:{&quot;url&quot;:&quot;https:\\\/\\\/dsidigit.fr\\\/wp-content\\\/uploads\\\/2023\\\/03\\\/b1f62FVV9s.json&quot;,&quot;id&quot;:223,&quot;size&quot;:&quot;&quot;,&quot;alt&quot;:&quot;&quot;,&quot;source&quot;:&quot;library&quot;},&quot;trigger&quot;:&quot;none&quot;}\" data-widget_type=\"wpr-lottie-animations.default\">\n\t\t\t\t<div class=\"elementor-widget-container\">\n\t\t\t\t\t<div class=\"wpr-lottie-animations-wrapper\"><div class=\"wpr-lottie-animations\" data-settings=\"{&quot;loop&quot;:&quot;yes&quot;,&quot;autoplay&quot;:&quot;yes&quot;,&quot;speed&quot;:1,&quot;trigger&quot;:&quot;none&quot;,&quot;reverse&quot;:&quot;&quot;,&quot;scroll_start&quot;:&quot;0&quot;,&quot;scroll_end&quot;:&quot;100&quot;,&quot;lottie_renderer&quot;:&quot;svg&quot;}\" data-json-url=\"https:\/\/dsidigit.fr\/wp-content\/uploads\/2023\/03\/b1f62FVV9s.json\"><\/div><\/div>\t\t\t\t<\/div>\n\t\t\t\t<\/div>\n\t\t\t\t<div class=\"elementor-element elementor-element-715d103 elementor-invisible elementor-widget elementor-widget-icon-box\" data-id=\"715d103\" data-element_type=\"widget\" data-e-type=\"widget\" data-settings=\"{&quot;_animation&quot;:&quot;fadeIn&quot;}\" data-widget_type=\"icon-box.default\">\n\t\t\t\t<div class=\"elementor-widget-container\">\n\t\t\t\t\t\t\t<div class=\"elementor-icon-box-wrapper\">\n\n\t\t\t\n\t\t\t\t\t\t<div class=\"elementor-icon-box-content\">\n\n\t\t\t\t\t\t\t\t\t<h3 class=\"elementor-icon-box-title\">\n\t\t\t\t\t\t<span  >\n\t\t\t\t\t\t\tAide \u00e0 la d\u00e9cision IT <br>\n\t\t\t\t\t\t<\/span>\n\t\t\t\t\t<\/h3>\n\t\t\t\t\n\t\t\t\t\t\t\t\t\t<p class=\"elementor-icon-box-description\">\n\t\t\t\t\t\tBesoin de l'aide d'un expert pour analyser des projets, r\u00e9diger un appel d'offre et s\u00e9lectionner les prestataires en toute impartialit\u00e9.\n\t\t\t\t\t<\/p>\n\t\t\t\t\n\t\t\t<\/div>\n\t\t\t\n\t\t<\/div>\n\t\t\t\t\t\t<\/div>\n\t\t\t\t<\/div>\n\t\t\t\t\t<\/div>\n\t\t<\/div>\n\t\t\t\t<div class=\"elementor-column elementor-col-33 elementor-top-column elementor-element elementor-element-63e85cb\" data-id=\"63e85cb\" data-element_type=\"column\" data-e-type=\"column\">\n\t\t\t<div class=\"elementor-widget-wrap elementor-element-populated\">\n\t\t\t\t\t\t<div class=\"elementor-element elementor-element-c2a377b wpr-lottie-svg elementor-widget elementor-widget-wpr-lottie-animations\" data-id=\"c2a377b\" data-element_type=\"widget\" data-e-type=\"widget\" data-settings=\"{&quot;json_file&quot;:{&quot;url&quot;:&quot;https:\\\/\\\/dsidigit.fr\\\/wp-content\\\/uploads\\\/2023\\\/03\\\/whIYXmCTfb.json&quot;,&quot;id&quot;:224,&quot;size&quot;:&quot;&quot;,&quot;alt&quot;:&quot;&quot;,&quot;source&quot;:&quot;library&quot;},&quot;trigger&quot;:&quot;none&quot;}\" data-widget_type=\"wpr-lottie-animations.default\">\n\t\t\t\t<div class=\"elementor-widget-container\">\n\t\t\t\t\t<div class=\"wpr-lottie-animations-wrapper\"><div class=\"wpr-lottie-animations\" data-settings=\"{&quot;loop&quot;:&quot;yes&quot;,&quot;autoplay&quot;:&quot;yes&quot;,&quot;speed&quot;:1,&quot;trigger&quot;:&quot;none&quot;,&quot;reverse&quot;:&quot;&quot;,&quot;scroll_start&quot;:&quot;0&quot;,&quot;scroll_end&quot;:&quot;100&quot;,&quot;lottie_renderer&quot;:&quot;svg&quot;}\" data-json-url=\"https:\/\/dsidigit.fr\/wp-content\/uploads\/2023\/03\/whIYXmCTfb.json\"><\/div><\/div>\t\t\t\t<\/div>\n\t\t\t\t<\/div>\n\t\t\t\t<div class=\"elementor-element elementor-element-2ed958c elementor-invisible elementor-widget elementor-widget-icon-box\" data-id=\"2ed958c\" data-element_type=\"widget\" data-e-type=\"widget\" data-settings=\"{&quot;_animation&quot;:&quot;fadeIn&quot;}\" data-widget_type=\"icon-box.default\">\n\t\t\t\t<div class=\"elementor-widget-container\">\n\t\t\t\t\t\t\t<div class=\"elementor-icon-box-wrapper\">\n\n\t\t\t\n\t\t\t\t\t\t<div class=\"elementor-icon-box-content\">\n\n\t\t\t\t\t\t\t\t\t<h3 class=\"elementor-icon-box-title\">\n\t\t\t\t\t\t<span  >\n\t\t\t\t\t\t\tAssistance dans la digitalisation\t\t\t\t\t\t<\/span>\n\t\t\t\t\t<\/h3>\n\t\t\t\t\n\t\t\t\t\t\t\t\t\t<p class=\"elementor-icon-box-description\">\n\t\t\t\t\t\tAnalyse de vos process commerciaux ou administratifs afin de vous aiguiller dans la mise en place d'une digitalisation efficiente.\n\t\t\t\t\t<\/p>\n\t\t\t\t\n\t\t\t<\/div>\n\t\t\t\n\t\t<\/div>\n\t\t\t\t\t\t<\/div>\n\t\t\t\t<\/div>\n\t\t\t\t\t<\/div>\n\t\t<\/div>\n\t\t\t\t\t<\/div>\n\t\t<\/section>\n\t\t\t\t<\/div>\n\t\t","protected":false},"excerpt":{"rendered":"<p>DSI &#038; Digit Le Conseil en Informatique D\u00e9couvrez nos solutions DSI Temps Partag\u00e9 Un DSI de proximit\u00e9, une aide primordiale pour les<\/p>\n","protected":false},"author":1,"featured_media":0,"parent":0,"menu_order":0,"comment_status":"closed","ping_status":"closed","template":"page-templates\/page_fullwidth.php","meta":{"footnotes":""},"class_list":["post-144","page","type-page","status-publish","hentry"],"yoast_head":"<!-- This site is optimized with the Yoast SEO plugin v27.4 - https:\/\/yoast.com\/product\/yoast-seo-wordpress\/ -->\n<title>Accueil - DSI &amp; Digit<\/title>\n<meta name=\"robots\" content=\"index, follow, max-snippet:-1, max-image-preview:large, max-video-preview:-1\" \/>\n<link rel=\"canonical\" href=\"https:\/\/dsidigit.fr\/\" \/>\n<meta property=\"og:locale\" content=\"fr_FR\" \/>\n<meta property=\"og:type\" content=\"article\" \/>\n<meta property=\"og:title\" content=\"Accueil - DSI &amp; Digit\" \/>\n<meta property=\"og:description\" content=\"DSI &#038; Digit Le Conseil en Informatique D\u00e9couvrez nos solutions DSI Temps Partag\u00e9 Un DSI de proximit\u00e9, une aide primordiale pour les\" \/>\n<meta property=\"og:url\" content=\"https:\/\/dsidigit.fr\/\" \/>\n<meta property=\"og:site_name\" content=\"DSI &amp; Digit\" \/>\n<meta property=\"article:modified_time\" content=\"2023-03-14T17:55:53+00:00\" \/>\n<meta name=\"twitter:card\" content=\"summary_large_image\" \/>\n<meta name=\"twitter:label1\" content=\"Dur\u00e9e de lecture estim\u00e9e\" \/>\n\t<meta name=\"twitter:data1\" content=\"1 minute\" \/>\n<script type=\"application\/ld+json\" class=\"yoast-schema-graph\">{\"@context\":\"https:\\\/\\\/schema.org\",\"@graph\":[{\"@type\":\"WebPage\",\"@id\":\"https:\\\/\\\/dsidigit.fr\\\/\",\"url\":\"https:\\\/\\\/dsidigit.fr\\\/\",\"name\":\"Accueil - DSI &amp; Digit\",\"isPartOf\":{\"@id\":\"https:\\\/\\\/dsidigit.fr\\\/#website\"},\"datePublished\":\"2023-03-09T13:25:14+00:00\",\"dateModified\":\"2023-03-14T17:55:53+00:00\",\"breadcrumb\":{\"@id\":\"https:\\\/\\\/dsidigit.fr\\\/#breadcrumb\"},\"inLanguage\":\"fr-FR\",\"potentialAction\":[{\"@type\":\"ReadAction\",\"target\":[\"https:\\\/\\\/dsidigit.fr\\\/\"]}]},{\"@type\":\"BreadcrumbList\",\"@id\":\"https:\\\/\\\/dsidigit.fr\\\/#breadcrumb\",\"itemListElement\":[{\"@type\":\"ListItem\",\"position\":1,\"name\":\"Accueil\",\"item\":\"https:\\\/\\\/dsidigit.fr\\\/\"},{\"@type\":\"ListItem\",\"position\":2,\"name\":\"Accueil\"}]},{\"@type\":\"WebSite\",\"@id\":\"https:\\\/\\\/dsidigit.fr\\\/#website\",\"url\":\"https:\\\/\\\/dsidigit.fr\\\/\",\"name\":\"DSI & Digit\",\"description\":\"Le Conseil en Informatique\",\"potentialAction\":[{\"@type\":\"SearchAction\",\"target\":{\"@type\":\"EntryPoint\",\"urlTemplate\":\"https:\\\/\\\/dsidigit.fr\\\/?s={search_term_string}\"},\"query-input\":{\"@type\":\"PropertyValueSpecification\",\"valueRequired\":true,\"valueName\":\"search_term_string\"}}],\"inLanguage\":\"fr-FR\"}]}<\/script>\n<!-- \/ Yoast SEO plugin. -->","yoast_head_json":{"title":"Accueil - DSI &amp; Digit","robots":{"index":"index","follow":"follow","max-snippet":"max-snippet:-1","max-image-preview":"max-image-preview:large","max-video-preview":"max-video-preview:-1"},"canonical":"https:\/\/dsidigit.fr\/","og_locale":"fr_FR","og_type":"article","og_title":"Accueil - DSI &amp; Digit","og_description":"DSI &#038; Digit Le Conseil en Informatique D\u00e9couvrez nos solutions DSI Temps Partag\u00e9 Un DSI de proximit\u00e9, une aide primordiale pour les","og_url":"https:\/\/dsidigit.fr\/","og_site_name":"DSI &amp; Digit","article_modified_time":"2023-03-14T17:55:53+00:00","twitter_card":"summary_large_image","twitter_misc":{"Dur\u00e9e de lecture estim\u00e9e":"1 minute"},"schema":{"@context":"https:\/\/schema.org","@graph":[{"@type":"WebPage","@id":"https:\/\/dsidigit.fr\/","url":"https:\/\/dsidigit.fr\/","name":"Accueil - DSI &amp; Digit","isPartOf":{"@id":"https:\/\/dsidigit.fr\/#website"},"datePublished":"2023-03-09T13:25:14+00:00","dateModified":"2023-03-14T17:55:53+00:00","breadcrumb":{"@id":"https:\/\/dsidigit.fr\/#breadcrumb"},"inLanguage":"fr-FR","potentialAction":[{"@type":"ReadAction","target":["https:\/\/dsidigit.fr\/"]}]},{"@type":"BreadcrumbList","@id":"https:\/\/dsidigit.fr\/#breadcrumb","itemListElement":[{"@type":"ListItem","position":1,"name":"Accueil","item":"https:\/\/dsidigit.fr\/"},{"@type":"ListItem","position":2,"name":"Accueil"}]},{"@type":"WebSite","@id":"https:\/\/dsidigit.fr\/#website","url":"https:\/\/dsidigit.fr\/","name":"DSI & Digit","description":"Le Conseil en Informatique","potentialAction":[{"@type":"SearchAction","target":{"@type":"EntryPoint","urlTemplate":"https:\/\/dsidigit.fr\/?s={search_term_string}"},"query-input":{"@type":"PropertyValueSpecification","valueRequired":true,"valueName":"search_term_string"}}],"inLanguage":"fr-FR"}]}},"_links":{"self":[{"href":"https:\/\/dsidigit.fr\/index.php\/wp-json\/wp\/v2\/pages\/144","targetHints":{"allow":["GET"]}}],"collection":[{"href":"https:\/\/dsidigit.fr\/index.php\/wp-json\/wp\/v2\/pages"}],"about":[{"href":"https:\/\/dsidigit.fr\/index.php\/wp-json\/wp\/v2\/types\/page"}],"author":[{"embeddable":true,"href":"https:\/\/dsidigit.fr\/index.php\/wp-json\/wp\/v2\/users\/1"}],"replies":[{"embeddable":true,"href":"https:\/\/dsidigit.fr\/index.php\/wp-json\/wp\/v2\/comments?post=144"}],"version-history":[{"count":95,"href":"https:\/\/dsidigit.fr\/index.php\/wp-json\/wp\/v2\/pages\/144\/revisions"}],"predecessor-version":[{"id":374,"href":"https:\/\/dsidigit.fr\/index.php\/wp-json\/wp\/v2\/pages\/144\/revisions\/374"}],"wp:attachment":[{"href":"https:\/\/dsidigit.fr\/index.php\/wp-json\/wp\/v2\/media?parent=144"}],"curies":[{"name":"wp","href":"https:\/\/api.w.org\/{rel}","templated":true}]}}